{"id":207,"date":"2019-06-02T07:37:45","date_gmt":"2019-06-02T11:37:45","guid":{"rendered":"https:\/\/the7.io\/church\/?page_id=207"},"modified":"2023-09-21T10:13:24","modified_gmt":"2023-09-21T10:13:24","slug":"cam-nang-cuoi","status":"publish","type":"page","link":"https:\/\/webmau.maytech.vn\/demo37\/cam-nang-cuoi\/","title":{"rendered":"C\u1ea9m nang c\u01b0\u1edbi"},"content":{"rendered":"<section class=\"wpb-content-wrapper\"><p>[vc_row][vc_column]<style type=\"text\/css\" data-type=\"the7_shortcodes-inline-css\">.blog-shortcode.blog-list-shortcode-id-f2ff2abae87be59e689361d7ebb2e078.dividers-on.classic-layout-list article {\n  margin-top: 40px;\n  padding-top: 0;\n}\n.blog-shortcode.blog-list-shortcode-id-f2ff2abae87be59e689361d7ebb2e078.dividers-on.classic-layout-list article:first-of-type {\n  margin-top: 0;\n  padding-top: 0;\n}\n.blog-shortcode.blog-list-shortcode-id-f2ff2abae87be59e689361d7ebb2e078.classic-layout-list.mode-list .post-thumbnail-wrap {\n  width: 30%;\n}\n.blog-shortcode.blog-list-shortcode-id-f2ff2abae87be59e689361d7ebb2e078.classic-layout-list.mode-list .post-entry-content {\n  width: calc(100% - 30%);\n}\n.blog-shortcode.blog-list-shortcode-id-f2ff2abae87be59e689361d7ebb2e078.classic-layout-list.mode-list .no-img .post-entry-content {\n  width: 100%;\n}\n.blog-shortcode.blog-list-shortcode-id-f2ff2abae87be59e689361d7ebb2e078 .filter-bg-decoration .filter-categories a.act {\n  color: #fff;\n}\n.blog-shortcode.blog-list-shortcode-id-f2ff2abae87be59e689361d7ebb2e078:not(.mode-masonry) article {\n  margin-top: 40px;\n}\n.blog-shortcode.blog-list-shortcode-id-f2ff2abae87be59e689361d7ebb2e078:not(.mode-masonry) article:first-of-type,\n.blog-shortcode.blog-list-shortcode-id-f2ff2abae87be59e689361d7ebb2e078:not(.mode-masonry) article.visible.first:not(.product) {\n  margin-top: 0;\n}\n.blog-shortcode.blog-list-shortcode-id-f2ff2abae87be59e689361d7ebb2e078.dividers-on:not(.mode-masonry) article {\n  margin-top: 0;\n  padding-top: 40px;\n}\n.blog-shortcode.blog-list-shortcode-id-f2ff2abae87be59e689361d7ebb2e078.dividers-on:not(.mode-masonry) article:first-of-type,\n.blog-shortcode.blog-list-shortcode-id-f2ff2abae87be59e689361d7ebb2e078.dividers-on:not(.mode-masonry) article.visible.first:not(.product) {\n  margin-top: 0;\n  padding-top: 0;\n}\n.blog-shortcode.blog-list-shortcode-id-f2ff2abae87be59e689361d7ebb2e078 .post-thumbnail-wrap {\n  padding: 0px 30px 40px 0px;\n}\n.blog-shortcode.blog-list-shortcode-id-f2ff2abae87be59e689361d7ebb2e078.enable-bg-rollover .post-thumbnail-rollover:after {\n  background: -webkit-linear-gradient();\n  background: linear-gradient();\n}\n.blog-shortcode.blog-list-shortcode-id-f2ff2abae87be59e689361d7ebb2e078 .gallery-zoom-ico {\n  width: 44px;\n  height: 44px;\n  line-height: 44px;\n  border-radius: 100px;\n  margin: -22px 0 0 -22px;\n  border-width: 0px;\n  color: #ffffff;\n}\n.bottom-overlap-layout-list.blog-shortcode.blog-list-shortcode-id-f2ff2abae87be59e689361d7ebb2e078 .gallery-zoom-ico {\n  margin-top: -22px;\n}\n.gradient-overlay-layout-list.blog-shortcode.blog-list-shortcode-id-f2ff2abae87be59e689361d7ebb2e078 .gallery-zoom-ico,\n.content-rollover-layout-list.blog-shortcode.blog-list-shortcode-id-f2ff2abae87be59e689361d7ebb2e078 .gallery-zoom-ico {\n  margin: 0 0 10px;\n}\n.content-align-center.gradient-overlay-layout-list.blog-shortcode.blog-list-shortcode-id-f2ff2abae87be59e689361d7ebb2e078 .gallery-zoom-ico,\n.content-align-center.content-rollover-layout-list.blog-shortcode.blog-list-shortcode-id-f2ff2abae87be59e689361d7ebb2e078 .gallery-zoom-ico {\n  margin: 0 auto 10px;\n}\n.dt-icon-bg-on.blog-shortcode.blog-list-shortcode-id-f2ff2abae87be59e689361d7ebb2e078 .gallery-zoom-ico {\n  background: rgba(255,255,255,0.3);\n  box-shadow: none;\n}\n.blog-shortcode.blog-list-shortcode-id-f2ff2abae87be59e689361d7ebb2e078 .gallery-zoom-ico > span,\n.blog-shortcode.blog-list-shortcode-id-f2ff2abae87be59e689361d7ebb2e078 .gallery-zoom-ico:before {\n  font-size: 32px;\n  line-height: 44px;\n}\n.blog-shortcode.blog-list-shortcode-id-f2ff2abae87be59e689361d7ebb2e078 .gallery-zoom-ico > span,\n.blog-shortcode.blog-list-shortcode-id-f2ff2abae87be59e689361d7ebb2e078 .gallery-zoom-ico:before {\n  color: #ffffff;\n}\n.blog-shortcode.blog-list-shortcode-id-f2ff2abae87be59e689361d7ebb2e078 .fancy-date a {\n  background: #ffffff;\n  box-shadow: none;\n}\n.blog-shortcode.blog-list-shortcode-id-f2ff2abae87be59e689361d7ebb2e078 .fancy-date a * {\n  color: #2d2d2d;\n}\n.blog-shortcode.blog-list-shortcode-id-f2ff2abae87be59e689361d7ebb2e078 .entry-title,\n.blog-shortcode.blog-list-shortcode-id-f2ff2abae87be59e689361d7ebb2e078.owl-carousel .entry-title {\n  margin-bottom: 5px;\n}\n.blog-shortcode.blog-list-shortcode-id-f2ff2abae87be59e689361d7ebb2e078 .entry-meta {\n  margin-bottom: 15px;\n}\n.blog-shortcode.blog-list-shortcode-id-f2ff2abae87be59e689361d7ebb2e078 .portfolio-categories {\n  margin-bottom: 15px;\n}\n.blog-shortcode.blog-list-shortcode-id-f2ff2abae87be59e689361d7ebb2e078 .entry-excerpt {\n  margin-bottom: 5px;\n}\n.blog-shortcode.blog-list-shortcode-id-f2ff2abae87be59e689361d7ebb2e078:not(.centered-layout-list) .post-entry-content {\n  padding: 0px 0px 40px 0px;\n}\n.blog-shortcode.blog-list-shortcode-id-f2ff2abae87be59e689361d7ebb2e078:not(.centered-layout-list):not(.content-bg-on):not(.mode-list) .no-img .post-entry-content {\n  padding: 0;\n}\n@media screen and (max-width: 768px) {\n  .blog-shortcode.blog-list-shortcode-id-f2ff2abae87be59e689361d7ebb2e078 article {\n    -ms-flex-flow: column nowrap;\n    flex-flow: column nowrap;\n    margin-top: 20px;\n  }\n  .blog-shortcode.blog-list-shortcode-id-f2ff2abae87be59e689361d7ebb2e078.dividers-on article {\n    border: none;\n  }\n  .blog-shortcode.blog-list-shortcode-id-f2ff2abae87be59e689361d7ebb2e078.content-bg-on.centered-layout-list article {\n    padding: 0;\n  }\n  .blog-shortcode.blog-list-shortcode-id-f2ff2abae87be59e689361d7ebb2e078.blog-shortcode.dividers-on article,\n  .blog-shortcode.blog-list-shortcode-id-f2ff2abae87be59e689361d7ebb2e078.dividers-on.classic-layout-list article {\n    margin-top: 20px;\n    padding: 0;\n  }\n  .blog-shortcode.blog-list-shortcode-id-f2ff2abae87be59e689361d7ebb2e078.blog-shortcode.dividers-on article:first-of-type,\n  .blog-shortcode.blog-list-shortcode-id-f2ff2abae87be59e689361d7ebb2e078.dividers-on.classic-layout-list article:first-of-type {\n    padding: 0;\n  }\n  #page .blog-shortcode.blog-list-shortcode-id-f2ff2abae87be59e689361d7ebb2e078 .post-thumbnail-wrap,\n  #page .blog-shortcode.blog-list-shortcode-id-f2ff2abae87be59e689361d7ebb2e078 .post-entry-content {\n    width: 100%;\n    margin: 0;\n    top: 0;\n  }\n  #page .blog-shortcode.blog-list-shortcode-id-f2ff2abae87be59e689361d7ebb2e078 .post-thumbnail-wrap {\n    padding: 0;\n  }\n  #page .blog-shortcode.blog-list-shortcode-id-f2ff2abae87be59e689361d7ebb2e078 .post-entry-content:after {\n    display: none;\n  }\n  #page .blog-shortcode.blog-list-shortcode-id-f2ff2abae87be59e689361d7ebb2e078 .project-even .post-thumbnail-wrap,\n  #page .blog-shortcode.blog-list-shortcode-id-f2ff2abae87be59e689361d7ebb2e078.centered-layout-list .post-thumbnail-wrap {\n    -ms-flex-order: 0;\n    order: 0;\n  }\n  #page .blog-shortcode.blog-list-shortcode-id-f2ff2abae87be59e689361d7ebb2e078.centered-layout-list .post-entry-title-content {\n    -ms-flex-order: 1;\n    order: 1;\n    width: 100%;\n    padding: 20px 20px 0;\n  }\n  #page .blog-shortcode.blog-list-shortcode-id-f2ff2abae87be59e689361d7ebb2e078.centered-layout-list .post-entry-content {\n    -ms-flex-order: 2;\n    order: 2;\n    padding-top: 0;\n  }\n  #page .blog-shortcode.blog-list-shortcode-id-f2ff2abae87be59e689361d7ebb2e078 .fancy-categories {\n    top: 10px;\n    left: 10px;\n    bottom: auto;\n    right: auto;\n  }\n  #page .blog-shortcode.blog-list-shortcode-id-f2ff2abae87be59e689361d7ebb2e078 .fancy-date a {\n    top: 10px;\n    right: 10px;\n    left: auto;\n    bottom: auto;\n  }\n  #page .blog-shortcode.blog-list-shortcode-id-f2ff2abae87be59e689361d7ebb2e078 .post-entry-content {\n    padding: 20px;\n  }\n  #page .blog-shortcode.blog-list-shortcode-id-f2ff2abae87be59e689361d7ebb2e078 .entry-title {\n    margin: 3px 0 5px;\n    font-size: 20px;\n    line-height: 26px;\n  }\n  #page .blog-shortcode.blog-list-shortcode-id-f2ff2abae87be59e689361d7ebb2e078 .entry-meta {\n    margin: 5px 0 5px;\n  }\n  #page .blog-shortcode.blog-list-shortcode-id-f2ff2abae87be59e689361d7ebb2e078 .entry-excerpt {\n    margin: 15px 0 0;\n  }\n  #page .blog-shortcode.blog-list-shortcode-id-f2ff2abae87be59e689361d7ebb2e078 .post-details {\n    margin: 5px 0 10px;\n  }\n  #page .blog-shortcode.blog-list-shortcode-id-f2ff2abae87be59e689361d7ebb2e078 .post-details.details-type-link {\n    margin-bottom: 2px;\n  }\n}\n<\/style><div class=\"articles-list blog-shortcode mode-list blog-list-shortcode-id-f2ff2abae87be59e689361d7ebb2e078 classic-layout-list dividers-on filter-align-left dt-icon-bg-off loading-effect-fade-in\" data-cur-page=\"1\" data-post-limit=\"-1\" data-pagination-mode=\"pages\"><div class=\"without-isotope filter\"><div class=\"filter-extras\"><div class=\"filter-by\"><a href=\"https:\/\/webmau.maytech.vn\/demo37\/cam-nang-cuoi\/?orderby=date&#038;order=desc\" class=\"sort-by-date act\" data-by=\"date\"><svg version=\"1.1\" id=\"Layer_1\" xmlns=\"http:\/\/www.w3.org\/2000\/svg\" xmlns:xlink=\"http:\/\/www.w3.org\/1999\/xlink\" x=\"0px\" y=\"0px\" viewBox=\"0 0 16 16\" style=\"enable-background:new 0 0 16 16;\" xml:space=\"preserve\"><path d=\"M11,6.5C11,6.2,11.2,6,11.5,6h1C12.8,6,13,6.2,13,6.5v1C13,7.8,12.8,8,12.5,8h-1C11.2,8,11,7.8,11,7.5V6.5z M8,6.5C8,6.2,8.2,6,8.5,6h1C9.8,6,10,6.2,10,6.5v1C10,7.8,9.8,8,9.5,8h-1C8.2,8,8,7.8,8,7.5V6.5z M3,9.5C3,9.2,3.2,9,3.5,9h1C4.8,9,5,9.2,5,9.5v1C5,10.8,4.8,11,4.5,11h-1C3.2,11,3,10.8,3,10.5V9.5z M6,9.5C6,9.2,6.2,9,6.5,9h1C7.8,9,8,9.2,8,9.5v1C8,10.8,7.8,11,7.5,11h-1C6.2,11,6,10.8,6,10.5V9.5z\"\/><path d=\"M3.5,0C3.8,0,4,0.2,4,0.5V1h8V0.5C12,0.2,12.2,0,12.5,0S13,0.2,13,0.5V1h1c1.1,0,2,0.9,2,2v11c0,1.1-0.9,2-2,2H2c-1.1,0-2-0.9-2-2V3c0-1.1,0.9-2,2-2h1V0.5C3,0.2,3.2,0,3.5,0z M1,4v10c0,0.6,0.4,1,1,1h12c0.6,0,1-0.4,1-1V4H1z\"\/><\/svg><span class=\"filter-popup\">Sort by date<\/span><\/a><span class=\"filter-switch\"><\/span><a href=\"https:\/\/webmau.maytech.vn\/demo37\/cam-nang-cuoi\/?orderby=name&#038;order=desc\" class=\"sort-by-name\" data-by=\"name\"><svg version=\"1.1\" id=\"Layer_1\" xmlns=\"http:\/\/www.w3.org\/2000\/svg\" xmlns:xlink=\"http:\/\/www.w3.org\/1999\/xlink\" x=\"0px\" y=\"0px\" viewBox=\"0 0 16 16\" style=\"enable-background:new 0 0 16 16;\" xml:space=\"preserve\"><path d=\"M2.2,13.1l0.9-2.8h3.5l0.9,2.8h1.3L5.5,3.8H4.3L1,13.1H2.2z M4.9,5.2l1.4,4.2H3.5L4.9,5.2C4.9,5.2,4.9,5.2,4.9,5.2z\"\/><g><path d=\"M10,12.4l2.8-3.6c0.3-0.3,0.5-0.6,0.8-1v0h-3.3V6.9h4.7l0,0.7l-2.7,3.6c-0.3,0.3-0.5,0.6-0.8,1v0H15v0.9h-5V12.4z\"\/><\/g><\/svg><span class=\"filter-popup\">Sort by name<\/span><\/a><\/div><div class=\"filter-sorting\" style=\"display: none;\"><a href=\"https:\/\/webmau.maytech.vn\/demo37\/cam-nang-cuoi\/?orderby=date&#038;order=desc\" class=\"sort-by-desc act\" data-sort=\"desc\"><svg version=\"1.1\" id=\"Layer_1\" xmlns=\"http:\/\/www.w3.org\/2000\/svg\" xmlns:xlink=\"http:\/\/www.w3.org\/1999\/xlink\" x=\"0px\" y=\"0px\"viewBox=\"0 0 16 16\" style=\"enable-background:new 0 0 16 16;\" xml:space=\"preserve\"><path d=\"M3.5,2.5C3.5,2.2,3.3,2,3,2S2.5,2.2,2.5,2.5v8.8l-1.1-1.1c-0.2-0.2-0.5-0.2-0.7,0s-0.2,0.5,0,0.7l0,0l2,2l0,0c0.2,0.2,0.5,0.2,0.7,0l2-2c0.2-0.2,0.2-0.5,0-0.7c-0.2-0.2-0.5-0.2-0.7,0l-1.1,1.1V2.5z M7,3.5C7,3.2,7.2,3,7.5,3h7C14.8,3,15,3.2,15,3.5S14.8,4,14.5,4h-7C7.2,4,7,3.8,7,3.5z M7.5,6C7.2,6,7,6.2,7,6.5S7.2,7,7.5,7h5C12.8,7,13,6.8,13,6.5S12.8,6,12.5,6H7.5z M7.5,9C7.2,9,7,9.2,7,9.5S7.2,10,7.5,10h3c0.3,0,0.5-0.2,0.5-0.5S10.8,9,10.5,9H7.5z M7.5,12C7.2,12,7,12.2,7,12.5S7.2,13,7.5,13h1C8.8,13,9,12.8,9,12.5S8.8,12,8.5,12H7.5z\"\/><\/svg><span class=\"filter-popup\">Descending<\/span><\/a><span class=\"filter-switch\"><\/span><a href=\"https:\/\/webmau.maytech.vn\/demo37\/cam-nang-cuoi\/?orderby=date&#038;order=asc\" class=\"sort-by-asc\" data-sort=\"asc\"><svg version=\"1.1\" id=\"Layer_1\" xmlns=\"http:\/\/www.w3.org\/2000\/svg\" xmlns:xlink=\"http:\/\/www.w3.org\/1999\/xlink\" x=\"0px\" y=\"0px\" viewBox=\"0 0 16 16\" style=\"enable-background:new 0 0 16 16;\" xml:space=\"preserve\"><path d=\"M3.5,12.5C3.5,12.8,3.3,13,3,13s-0.5-0.2-0.5-0.5V3.7L1.4,4.9C1.2,5,0.8,5,0.6,4.9s-0.2-0.5,0-0.7l2-2l0,0C2.8,2,3.2,2,3.4,2.1l2,2c0.2,0.2,0.2,0.5,0,0.7S4.8,5,4.6,4.9L3.5,3.7V12.5z M7,3.5C7,3.2,7.2,3,7.5,3h7C14.8,3,15,3.2,15,3.5S14.8,4,14.5,4h-7C7.2,4,7,3.8,7,3.5z M7.5,6C7.2,6,7,6.2,7,6.5S7.2,7,7.5,7h5C12.8,7,13,6.8,13,6.5S12.8,6,12.5,6H7.5z M7.5,9C7.2,9,7,9.2,7,9.5S7.2,10,7.5,10h3c0.3,0,0.5-0.2,0.5-0.5S10.8,9,10.5,9H7.5z M7.5,12C7.2,12,7,12.2,7,12.5S7.2,13,7.5,13h1C8.8,13,9,12.8,9,12.5S8.8,12,8.5,12H7.5z\"\/><\/svg><span class=\"filter-popup\">Ascending<\/span><\/a><\/div><\/div><\/div><article class=\"post project-odd visible post-321 type-post status-publish format-standard has-post-thumbnail hentry category-cam-nang category-1 description-off\" data-name=\"Kinh nghi\u1ec7m qu\u00fd t\u1eeb qu\u00e1 tr\u00ecnh l\u00ean k\u1ebf ho\u1ea1ch c\u01b0\u1edbi cho v\u1ee3 ch\u1ed3ng son\" data-date=\"2023-06-09T04:51:00+00:00\">\n\n<div class=\"post-thumbnail-wrap\">\n\t<div class=\"post-thumbnail\">\n\n\t\t\n\t\t\n\t\t<a href=\"https:\/\/webmau.maytech.vn\/demo37\/2023\/06\/09\/kinh-nghiem-quy-tu-qua-trinh-len-ke-hoach-cuoi-cho-vo-chong-son\/\" class=\"post-thumbnail-rollover layzr-bg layzr-bg\" ><img fetchpriority=\"high\" decoding=\"async\" class=\"lazy-load preload-me lazy-load aspect\" src=\"data:image\/svg+xml,%3Csvg%20xmlns%3D&#39;http%3A%2F%2Fwww.w3.org%2F2000%2Fsvg&#39;%20viewBox%3D&#39;0%200%20600%20600&#39;%2F%3E\" data-src=\"https:\/\/webmau.maytech.vn\/demo37\/wp-content\/uploads\/2019\/06\/ke-hoach-song-sau-dam-cuoi-600x600.webp\" data-srcset=\"https:\/\/webmau.maytech.vn\/demo37\/wp-content\/uploads\/2019\/06\/ke-hoach-song-sau-dam-cuoi-600x600.webp 600w\" loading=\"eager\" style=\"--ratio: 600 \/ 600\" sizes=\"(max-width: 600px) 100vw, 600px\" alt=\"\" title=\"ke-hoach-song-sau-dam-cuoi\" width=\"600\" height=\"600\"  \/><\/a>\n\t<\/div>\n<\/div>\n\n\n<div class=\"post-entry-content\">\n\n\t<h3 class=\"entry-title\">\n\t\t<a href=\"https:\/\/webmau.maytech.vn\/demo37\/2023\/06\/09\/kinh-nghiem-quy-tu-qua-trinh-len-ke-hoach-cuoi-cho-vo-chong-son\/\" title=\"Kinh nghi\u1ec7m qu\u00fd t\u1eeb qu\u00e1 tr\u00ecnh l\u00ean k\u1ebf ho\u1ea1ch c\u01b0\u1edbi cho v\u1ee3 ch\u1ed3ng son\" rel=\"bookmark\">Kinh nghi\u1ec7m qu\u00fd t\u1eeb qu\u00e1 tr\u00ecnh l\u00ean k\u1ebf ho\u1ea1ch c\u01b0\u1edbi cho v\u1ee3 ch\u1ed3ng son<\/a>\n\t<\/h3>\n\n\t<div class=\"entry-meta\"><span class=\"category-link\"><a href=\"https:\/\/webmau.maytech.vn\/demo37\/category\/cam-nang\/\" >C\u1ea9m nang<\/a><\/span><a class=\"author vcard\" href=\"https:\/\/webmau.maytech.vn\/demo37\/author\/admin\/\" title=\"View all posts by admin\" rel=\"author\">By <span class=\"fn\">admin<\/span><\/a><a href=\"https:\/\/webmau.maytech.vn\/demo37\/2023\/06\/09\/\" title=\"4:51 s\u00e1ng\" class=\"data-link\" rel=\"bookmark\"><time class=\"entry-date updated\" datetime=\"2023-06-09T04:51:00+00:00\">9 Th\u00e1ng 6, 2023<\/time><\/a><\/div>\n\t<div class=\"entry-excerpt\"><p>T\u1eeb l\u00fac nh\u1eadn l\u1eddi c\u1ea7u h\u00f4n \u0111\u1ebfn ng\u00e0y di\u1ec5n ra l\u1ec5 c\u01b0\u1edbi, b\u1ea5t c\u1ee9 quy\u1ebft \u0111\u1ecbnh, \u0111\u1eafn \u0111o&hellip;<\/p>\n<\/div>\n\t\n<a href=\"https:\/\/webmau.maytech.vn\/demo37\/2023\/06\/09\/kinh-nghiem-quy-tu-qua-trinh-len-ke-hoach-cuoi-cho-vo-chong-son\/\" class=\"dt-btn-s dt-btn post-details details-type-btn\" aria-label=\"Read more about Kinh nghi\u1ec7m qu\u00fd t\u1eeb qu\u00e1 tr\u00ecnh l\u00ean k\u1ebf ho\u1ea1ch c\u01b0\u1edbi cho v\u1ee3 ch\u1ed3ng son\">\u0110\u1ecdc th\u00eam<i class=\"dt-icon-the7-arrow-03\" aria-hidden=\"true\"><\/i><\/a>\n\n<\/div><\/article><article class=\"post project-odd visible post-204 type-post status-publish format-standard has-post-thumbnail hentry category-cam-nang tag-audio tag-jared-lam category-1 description-off\" data-name=\"Kinh nghi\u1ec7m khi t\u1ed5 ch\u1ee9c \u0111\u00e1m c\u01b0\u1edbi trong nh\u00e0 th\u1edd\" data-date=\"2023-06-02T07:31:00+00:00\">\n\n<div class=\"post-thumbnail-wrap\">\n\t<div class=\"post-thumbnail\">\n\n\t\t\n\t\t\n\t\t<a href=\"https:\/\/webmau.maytech.vn\/demo37\/2023\/06\/02\/kinh-nghiem-khi-to-chuc-dam-cuoi-trong-nha-tho\/\" class=\"post-thumbnail-rollover layzr-bg layzr-bg\" ><img decoding=\"async\" class=\"lazy-load preload-me lazy-load aspect\" src=\"data:image\/svg+xml,%3Csvg%20xmlns%3D&#39;http%3A%2F%2Fwww.w3.org%2F2000%2Fsvg&#39;%20viewBox%3D&#39;0%200%20768%20768&#39;%2F%3E\" data-src=\"https:\/\/webmau.maytech.vn\/demo37\/wp-content\/uploads\/2019\/06\/lucas-law-gpVzcKpw1Lo-unsplash-min-e1563358878118-768x768.jpg\" data-srcset=\"https:\/\/webmau.maytech.vn\/demo37\/wp-content\/uploads\/2019\/06\/lucas-law-gpVzcKpw1Lo-unsplash-min-e1563358878118-768x768.jpg 768w, https:\/\/webmau.maytech.vn\/demo37\/wp-content\/uploads\/2019\/06\/lucas-law-gpVzcKpw1Lo-unsplash-min-e1563358878118-846x846.jpg 846w\" loading=\"eager\" style=\"--ratio: 768 \/ 768\" sizes=\"(max-width: 768px) 100vw, 768px\" alt=\"\" title=\"lucas-law-gpVzcKpw1Lo-unsplash-min\" width=\"768\" height=\"768\"  \/><\/a>\n\t<\/div>\n<\/div>\n\n\n<div class=\"post-entry-content\">\n\n\t<h3 class=\"entry-title\">\n\t\t<a href=\"https:\/\/webmau.maytech.vn\/demo37\/2023\/06\/02\/kinh-nghiem-khi-to-chuc-dam-cuoi-trong-nha-tho\/\" title=\"Kinh nghi\u1ec7m khi t\u1ed5 ch\u1ee9c \u0111\u00e1m c\u01b0\u1edbi trong nh\u00e0 th\u1edd\" rel=\"bookmark\">Kinh nghi\u1ec7m khi t\u1ed5 ch\u1ee9c \u0111\u00e1m c\u01b0\u1edbi trong nh\u00e0 th\u1edd<\/a>\n\t<\/h3>\n\n\t<div class=\"entry-meta\"><span class=\"category-link\"><a href=\"https:\/\/webmau.maytech.vn\/demo37\/category\/cam-nang\/\" >C\u1ea9m nang<\/a><\/span><a class=\"author vcard\" href=\"https:\/\/webmau.maytech.vn\/demo37\/author\/admin\/\" title=\"View all posts by admin\" rel=\"author\">By <span class=\"fn\">admin<\/span><\/a><a href=\"https:\/\/webmau.maytech.vn\/demo37\/2023\/06\/02\/\" title=\"7:31 s\u00e1ng\" class=\"data-link\" rel=\"bookmark\"><time class=\"entry-date updated\" datetime=\"2023-06-02T07:31:00+00:00\">2 Th\u00e1ng 6, 2023<\/time><\/a><\/div>\n\t<div class=\"entry-excerpt\"><p>\u0110\u00e1m c\u01b0\u1edbi trong nh\u00e0 th\u1edd \u0111\u01b0\u1ee3c t\u1ed5 ch\u1ee9c trong nh\u00e0 th\u1edd Vi\u1ec7t Nam trang nghi\u00eam m\u00e0 kh\u00f4ng c\u1ea7u&hellip;<\/p>\n<\/div>\n\t\n<a href=\"https:\/\/webmau.maytech.vn\/demo37\/2023\/06\/02\/kinh-nghiem-khi-to-chuc-dam-cuoi-trong-nha-tho\/\" class=\"dt-btn-s dt-btn post-details details-type-btn\" aria-label=\"Read more about Kinh nghi\u1ec7m khi t\u1ed5 ch\u1ee9c \u0111\u00e1m c\u01b0\u1edbi trong nh\u00e0 th\u1edd\">\u0110\u1ecdc th\u00eam<i class=\"dt-icon-the7-arrow-03\" aria-hidden=\"true\"><\/i><\/a>\n\n<\/div><\/article><article class=\"post project-odd visible post-314 type-post status-publish format-standard has-post-thumbnail hentry category-cam-nang category-1 description-off\" data-name=\"C\u00e1c b\u01b0\u1edbc trang \u0111i\u1ec3m c\u00f4 d\u00e2u t\u1ef1 nhi\u00ean \u0111\u01a1n gi\u1ea3n t\u1ea1i nh\u00e0\" data-date=\"2019-06-09T04:32:41+00:00\">\n\n<div class=\"post-thumbnail-wrap\">\n\t<div class=\"post-thumbnail\">\n\n\t\t\n\t\t\n\t\t<a href=\"https:\/\/webmau.maytech.vn\/demo37\/2019\/06\/09\/cac-buoc-trang-diem-co-dau-tu-nhien-don-gian-tai-nha\/\" class=\"post-thumbnail-rollover layzr-bg layzr-bg\" ><img decoding=\"async\" class=\"lazy-load preload-me lazy-load aspect\" src=\"data:image\/svg+xml,%3Csvg%20xmlns%3D&#39;http%3A%2F%2Fwww.w3.org%2F2000%2Fsvg&#39;%20viewBox%3D&#39;0%200%20400%20400&#39;%2F%3E\" data-src=\"https:\/\/webmau.maytech.vn\/demo37\/wp-content\/uploads\/2019\/06\/trang-diem-co-dau-tu-nhien-5-400x400.webp\" data-srcset=\"https:\/\/webmau.maytech.vn\/demo37\/wp-content\/uploads\/2019\/06\/trang-diem-co-dau-tu-nhien-5-400x400.webp 400w, https:\/\/webmau.maytech.vn\/demo37\/wp-content\/uploads\/2019\/06\/trang-diem-co-dau-tu-nhien-5-399x400.webp 399w\" loading=\"eager\" style=\"--ratio: 400 \/ 400\" sizes=\"(max-width: 400px) 100vw, 400px\" alt=\"\" title=\"trang-diem-co-dau-tu-nhien-5\" width=\"400\" height=\"400\"  \/><\/a>\n\t<\/div>\n<\/div>\n\n\n<div class=\"post-entry-content\">\n\n\t<h3 class=\"entry-title\">\n\t\t<a href=\"https:\/\/webmau.maytech.vn\/demo37\/2019\/06\/09\/cac-buoc-trang-diem-co-dau-tu-nhien-don-gian-tai-nha\/\" title=\"C\u00e1c b\u01b0\u1edbc trang \u0111i\u1ec3m c\u00f4 d\u00e2u t\u1ef1 nhi\u00ean \u0111\u01a1n gi\u1ea3n t\u1ea1i nh\u00e0\" rel=\"bookmark\">C\u00e1c b\u01b0\u1edbc trang \u0111i\u1ec3m c\u00f4 d\u00e2u t\u1ef1 nhi\u00ean \u0111\u01a1n gi\u1ea3n t\u1ea1i nh\u00e0<\/a>\n\t<\/h3>\n\n\t<div class=\"entry-meta\"><span class=\"category-link\"><a href=\"https:\/\/webmau.maytech.vn\/demo37\/category\/cam-nang\/\" >C\u1ea9m nang<\/a><\/span><a class=\"author vcard\" href=\"https:\/\/webmau.maytech.vn\/demo37\/author\/admin\/\" title=\"View all posts by admin\" rel=\"author\">By <span class=\"fn\">admin<\/span><\/a><a href=\"https:\/\/webmau.maytech.vn\/demo37\/2019\/06\/09\/\" title=\"4:32 s\u00e1ng\" class=\"data-link\" rel=\"bookmark\"><time class=\"entry-date updated\" datetime=\"2019-06-09T04:32:41+00:00\">9 Th\u00e1ng 6, 2019<\/time><\/a><\/div>\n\t<div class=\"entry-excerpt\"><p>Ng\u00e0y c\u01b0\u1edbi ch\u00ednh l\u00e0 d\u1ecbp \u0111\u1ec3 nhi\u1ec1u c\u00f4 g\u00e1i hi\u1ec7n th\u1ef1c h\u00f3a \u01b0\u1edbc m\u01a1 tr\u1edf th\u00e0nh c\u00f4ng ch\u00faa&hellip;<\/p>\n<\/div>\n\t\n<a href=\"https:\/\/webmau.maytech.vn\/demo37\/2019\/06\/09\/cac-buoc-trang-diem-co-dau-tu-nhien-don-gian-tai-nha\/\" class=\"dt-btn-s dt-btn post-details details-type-btn\" aria-label=\"Read more about C\u00e1c b\u01b0\u1edbc trang \u0111i\u1ec3m c\u00f4 d\u00e2u t\u1ef1 nhi\u00ean \u0111\u01a1n gi\u1ea3n t\u1ea1i nh\u00e0\">\u0110\u1ecdc th\u00eam<i class=\"dt-icon-the7-arrow-03\" aria-hidden=\"true\"><\/i><\/a>\n\n<\/div><\/article><\/div>[\/vc_column][\/vc_row]<\/p>\n<\/section>","protected":false},"excerpt":{"rendered":"<p>[vc_row][vc_column][\/vc_column][\/vc_row]<\/p>\n","protected":false},"author":1,"featured_media":0,"parent":0,"menu_order":0,"comment_status":"closed","ping_status":"closed","template":"","meta":{"footnotes":""},"class_list":["post-207","page","type-page","status-publish","hentry","description-off"],"_links":{"self":[{"href":"https:\/\/webmau.maytech.vn\/demo37\/wp-json\/wp\/v2\/pages\/207","targetHints":{"allow":["GET"]}}],"collection":[{"href":"https:\/\/webmau.maytech.vn\/demo37\/wp-json\/wp\/v2\/pages"}],"about":[{"href":"https:\/\/webmau.maytech.vn\/demo37\/wp-json\/wp\/v2\/types\/page"}],"author":[{"embeddable":true,"href":"https:\/\/webmau.maytech.vn\/demo37\/wp-json\/wp\/v2\/users\/1"}],"replies":[{"embeddable":true,"href":"https:\/\/webmau.maytech.vn\/demo37\/wp-json\/wp\/v2\/comments?post=207"}],"version-history":[{"count":2,"href":"https:\/\/webmau.maytech.vn\/demo37\/wp-json\/wp\/v2\/pages\/207\/revisions"}],"predecessor-version":[{"id":1381,"href":"https:\/\/webmau.maytech.vn\/demo37\/wp-json\/wp\/v2\/pages\/207\/revisions\/1381"}],"wp:attachment":[{"href":"https:\/\/webmau.maytech.vn\/demo37\/wp-json\/wp\/v2\/media?parent=207"}],"curies":[{"name":"wp","href":"https:\/\/api.w.org\/{rel}","templated":true}]}}