{"id":316,"date":"2019-12-11T15:21:35","date_gmt":"2019-12-11T15:21:35","guid":{"rendered":"https:\/\/the7.io\/clothing\/?page_id=316"},"modified":"2023-09-07T09:29:51","modified_gmt":"2023-09-07T09:29:51","slug":"chinh-sach-bao-mat-2","status":"publish","type":"page","link":"https:\/\/webmau.maytech.vn\/demo28\/chinh-sach-bao-mat-2\/","title":{"rendered":"Ch\u00ednh s\u00e1ch b\u1ea3o m\u1eadt"},"content":{"rendered":"<section class=\"wpb-content-wrapper\"><p>[vc_row][vc_column][vc_column_text]<\/p>\n<h4>1. CH\u00cdNH S\u00c1CH B\u1ea2O M\u1eacT<\/h4>\n<p>Khi kh\u00e1ch h\u00e0ng s\u1eed d\u1ee5ng d\u1ecbch v\u1ee5 t\u1ea1i website T\u00caNWEBSITE, ch\u00fang t\u00f4i s\u1ebd \u0111\u1ea3m b\u1ea3o quy\u1ec1n ri\u00eang t\u01b0 c\u1ee7a ng\u01b0\u1eddi d\u00f9ng theo nh\u1eefng \u0111i\u1ec1u kho\u1ea3n d\u01b0\u1edbi \u0111\u00e2y.<\/p>\n<h4>2. S\u1eec D\u1ee4NG TH\u00d4NG TIN<\/h4>\n<p>T\u00caNWEBSITE ch\u1ec9 d\u00f9ng th\u00f4ng tin c\u1ee7a ng\u01b0\u1eddi d\u00f9ng \u0111\u1ec3 ph\u1ee5c v\u1ee5 cho ch\u00ednh Ng\u01b0\u1eddi d\u00f9ng khi b\u1ea1n s\u1eed d\u1ee5ng d\u1ecbch v\u1ee5 t\u1ea1i DOMAINWEBSITE. V\u00ec v\u1eady ch\u00fang t\u00f4i s\u1ebd d\u00f9ng th\u00f4ng tin c\u00e1 nh\u00e2n c\u1ee7a b\u1ea1n \u0111\u1ec3:<\/p>\n<ul>\n<li>X\u00e1c minh danh t\u00ednh c\u1ee7a ng\u01b0\u1eddi s\u1eed d\u1ee5ng d\u1ecbch v\u1ee5<\/li>\n<li>X\u00e1c nh\u1eadn thanh to\u00e1n<\/li>\n<li>Nh\u1eefng h\u00ecnh th\u1ee9c s\u1eed d\u1ee5ng \u00a0\u0111\u1ec3 chia s\u1ebb th\u00f4ng tin c\u1ee7a b\u1ea1n v\u1edbi c\u00e1c c\u00f4ng ty kh\u00e1c bao g\u1ed3m (nh\u01b0ng kh\u00f4ng gi\u1edbi h\u1ea1n) nh\u01b0 c\u00f4ng ty th\u1ebb t\u00edn d\u1ee5ng ho\u1eb7c t\u1ed5 ch\u1ee9c ng\u00e2n h\u00e0ng\u2026 nh\u1eb1m m\u1ee5c \u0111\u00edch ph\u1ee5c v\u1ee5 giao d\u1ecbch c\u1ee7a b\u1ea1n<\/li>\n<li>Cung c\u1ea5p c\u00e1c d\u1ecbch v\u1ee5 h\u1ed7 tr\u1ee3 &amp; ch\u0103m s\u00f3c kh\u00e1ch h\u00e0ng. N\u00e2ng c\u1ea5p d\u1ecbch v\u1ee5 c\u1ee7a ch\u00fang t\u00f4i;<\/li>\n<li>Th\u1ef1c hi\u1ec7n giao d\u1ecbch thanh to\u00e1n &amp; g\u1eedi c\u00e1c th\u00f4ng b\u00e1o trong qu\u00e1 tr\u00ecnh giao d\u1ecbch;<\/li>\n<li>X\u1eed l\u00fd khi\u1ebfu n\u1ea1i, thu ph\u00ed &amp; gi\u1ea3i quy\u1ebft s\u1ef1 c\u1ed1;<\/li>\n<li>G\u1eedi b\u1ea1n c\u00e1c th\u00f4ng tin v\u1ec1 ch\u01b0\u01a1ng tr\u00ecnh Marketing, c\u00e1c th\u00f4ng b\u00e1o &amp; ch\u01b0\u01a1ng tr\u00ecnh khuy\u1ebfn m\u1ea1i;<\/li>\n<li>So s\u00e1nh \u0111\u1ed9 ch\u00ednh x\u00e1c c\u1ee7a th\u00f4ng tin c\u00e1 nh\u00e2n c\u1ee7a b\u1ea1n trong qu\u00e1 tr\u00ecnh ki\u1ec3m tra v\u1edbi b\u00ean th\u1ee9 ba.<\/li>\n<\/ul>\n<h4>3. H\u1ea0N CH\u1ebe C\u00d4NG B\u1ed0 TH\u00d4NG TIN<\/h4>\n<p>Ch\u00fang t\u00f4i s\u1ebd kh\u00f4ng b\u00e1n, ti\u1ebft l\u1ed9 ho\u1eb7c cho thu\u00ea cho b\u00ean th\u1ee9 ba nh\u1eadn d\u1ea1ng c\u00e1 nh\u00e2n ng\u01b0\u1eddi s\u1eed d\u1ee5ng c\u00f3 th\u00f4ng tin thu th\u1eadp t\u1ea1i trang web c\u1ee7a ch\u00fang t\u00f4i, th\u00f4ng qua c\u00e1c m\u00e1y ch\u1ee7 c\u1ee7a ch\u00fang t\u00f4i, ngo\u00e0i vi\u1ec7c cung c\u1ea5p d\u1ecbch v\u1ee5 c\u1ee7a ch\u00fang t\u00f4i v\u00e0 nh\u01b0 trong ch\u00ednh s\u00e1ch b\u1ea3o m\u1eadt.<\/p>\n<h4>4. M\u1eacT KH\u1ea8U V\u00c0 TH\u00d4NG TIN B\u00cd M\u1eacT C\u1ee6A CH\u00daNG T\u00d4I<\/h4>\n<p>Ch\u00fang t\u00f4i y\u00eau c\u1ea7u b\u1ea1n kh\u00f4ng ti\u1ebft l\u1ed9 ho\u1eb7c chia s\u1ebb m\u1eadt kh\u1ea9u ho\u1eb7c c\u00e1c th\u00f4ng tin nh\u1eadn d\u1ea1ng kh\u00e1c m\u00e0 ch\u00fang t\u00f4i cung c\u1ea5p cho b\u1ea1n v\u1edbi b\u1ea5t c\u1ee9 m\u1ed9t ai kh\u00e1c, k\u1ec3 c\u1ea3 nh\u00e2n vi\u00ean c\u1ee7a T\u00caNWEBSITE. M\u1eadt kh\u1ea9u v\u00e0 th\u00f4ng tin l\u00e0 t\u00e0i s\u1ea3n c\u1ee7a ch\u00fang t\u00f4i v\u00e0 vi\u1ec7c s\u1eed d\u1ee5ng c\u1ee7a b\u1ea1n c\u00f3 th\u1ec3 b\u1ecb thu h\u1ed3i theo quy\u1ebft \u0111\u1ecbnh c\u1ee7a ch\u00fang t\u00f4i. B\u1ea1n c\u0169ng b\u1ecb c\u1ea5m s\u1eed d\u1ee5ng b\u1ea5t k\u1ef3 m\u1eadt kh\u1ea9u n\u00e0o kh\u00e1c m\u00e0 n\u00f3 kh\u00f4ng ph\u1ea3i l\u00e0 m\u1eadt kh\u1ea9u t\u00e0i kho\u1ea3n c\u1ee7a b\u1ea1n.<\/p>\n<h4>5. THU TH\u1eacP TH\u00d4NG TIN<\/h4>\n<p>T\u00caNWEBSITE s\u1ebd thu th\u1eadp c\u00e1c th\u00f4ng tin bao g\u1ed3m (nh\u01b0ng kh\u00f4ng gi\u1edbi h\u1ea1n) sau \u0111\u00e2y \u0111\u1ec3 \u0111\u1ea3m b\u1ea3o an to\u00e0n cho giao d\u1ecbch: \u0111\u1ecba ch\u1ec9 IP, lo\u1ea1i tr\u00ecnh duy\u1ec7t web, c\u00e1c trang b\u1ea1n truy c\u1eadp trong qu\u00e1 tr\u00ecnh s\u1eed d\u1ee5ng d\u1ecbch v\u1ee5 t\u1ea1i T\u00caNWEBSITE, th\u00f4ng tin v\u1ec1 m\u00e1y t\u00ednh, thi\u1ebft b\u1ecb m\u1ea1ng, \u2026<\/p>\n<p>Trong m\u1ed9t s\u1ed1 d\u1ecbch v\u1ee5, ch\u00fang t\u00f4i s\u1ebd y\u00eau c\u1ea7u b\u1ea1n cung c\u1ea5p trung th\u1ef1c v\u00e0 ch\u00ednh x\u00e1c nh\u1eefng th\u00f4ng tin sau:<\/p>\n<ul>\n<li>Th\u00f4ng tin nh\u00e2n th\u00e2n v\u00e0 li\u00ean h\u1ec7 (\u0111\u1ed1i v\u1edbi t\u1ed5 ch\u1ee9c v\u00e0 \u00a0c\u00e1 nh\u00e2n) nh\u01b0: t\u00ean, ng\u00e0y sinh, gi\u1edbi t\u00ednh, \u0111\u1ecba ch\u1ec9, \u0111i\u1ec7n tho\u1ea1i, \u0111\u1ecba ch\u1ec9 th\u01b0 tr\u1ef1c tuy\u1ebfn (email), gi\u1ea5y t\u1edd h\u1ee3p ph\u00e1p (nh\u01b0 Ch\u1ee9ng minh nh\u00e2n d\u00e2n, Gi\u1ea5y ph\u00e9p kinh doanh, m\u00e3 s\u1ed1 thu\u1ebf, \u2026)<\/li>\n<li>Th\u00f4ng tin t\u00e0i ch\u00ednh nh\u01b0 s\u1ed1 t\u00e0i kho\u1ea3n ng\u00e2n h\u00e0ng, s\u1ed1 th\u1ebb ghi n\u1ee3 ho\u1eb7c th\u1ebb t\u00edn d\u1ee5ng, \u2026<\/li>\n<li>Trong m\u1ed9t s\u1ed1 tr\u01b0\u1eddng h\u1ee3p, ch\u00fang t\u00f4i c\u00f3 th\u1ec3 thu th\u1eadp th\u00eam th\u00f4ng tin v\u1ec1 b\u1ea1n t\u1eeb b\u00ean th\u1ee9 ba nh\u01b0 ng\u00e2n h\u00e0ng, c\u00e1c t\u1ed5 ch\u1ee9c t\u00edn d\u1ee5ng v\u00e0 d\u1ecbch v\u1ee5 thanh to\u00e1n, \u2026<\/li>\n<\/ul>\n<p>Ch\u00fang t\u00f4i c\u0169ng c\u00f3 th\u1ec3 thu th\u1eadp th\u00eam c\u00e1c th\u00f4ng tin kh\u00e1c v\u1ec1 b\u1ea1n t\u1eeb nhi\u1ec1u ngu\u1ed3n v\u00e0 \u00a0b\u1eb1ng c\u00e1c ph\u01b0\u01a1ng th\u1ee9c kh\u00e1c nh\u1eb1m \u0111\u1ea3m b\u1ea3o ch\u1ea5t l\u01b0\u1ee3ng d\u1ecbch v\u1ee5 v\u00e0 ph\u1ee5c v\u1ee5 b\u1ea1n t\u1ed1t h\u01a1n.<\/p>\n<h4>6. CHIA S\u1eba TH\u00d4NG TIN V\u1edaI B\u00caN TH\u1ee8 BA<\/h4>\n<p>Ch\u00fang t\u00f4i c\u00f3 th\u1ec3 chia s\u1ebb ho\u1eb7c nh\u1eadn th\u00f4ng tin c\u00e1 nh\u00e2n c\u1ee7a b\u1ea1n v\u1edbi\/ t\u1eeb:<\/p>\n<ul>\n<li>C\u00e1c \u0111\u01a1n v\u1ecb k\u00fd h\u1ee3p \u0111\u1ed3ng l\u00e0m d\u1ecbch v\u1ee5 cho ch\u00fang t\u00f4i trong ph\u1ea1m vi ho\u1ea1t \u0111\u1ed9ng c\u1ee7a DOMAINWEBSITE, v\u00ed d\u1ee5: ch\u1ed1ng gian l\u1eadn, ti\u1ebfp th\u1ecb, c\u00f4ng ngh\u1ec7. H\u1ee3p \u0111\u1ed3ng c\u1ee7a ch\u00fang t\u00f4i lu\u00f4n quy \u0111\u1ecbnh r\u1eb1ng nh\u1eefng nh\u00e0 th\u1ea7u \u0111\u00f3 kh\u00f4ng \u0111\u01b0\u1ee3c s\u1eed d\u1ee5ng th\u00f4ng tin c\u00e1 nh\u00e2n c\u1ee7a b\u1ea1n v\u00e0o m\u1ee5c \u0111\u00edch n\u00e0o kh\u00e1c ngo\u00e0i ph\u1ea1m vi h\u1ee3p \u0111\u1ed3ng ho\u1eb7c cho l\u1ee3i \u00edch ri\u00eang c\u1ee7a h\u1ecd.<\/li>\n<li>C\u00e1c c\u01a1 quan th\u1ef1c thi ph\u00e1p lu\u1eadt ho\u1eb7c c\u01a1 quan c\u00f4ng quy\u1ec1n c\u00f3 th\u1ea9m quy\u1ec1n, ho\u1eb7c c\u00e1c b\u00ean th\u1ee9 ba kh\u00e1c trong c\u00e1c tr\u01b0\u1eddng h\u1ee3p:<\/li>\n<li>C\u00f3 y\u00eau c\u1ea7u c\u1ee7a t\u00f2a \u00e1n ho\u1eb7c c\u00e1c th\u1ee7 t\u1ee5c ph\u00e1p l\u00fd t\u01b0\u01a1ng t\u1ef1;<\/li>\n<\/ul>\n<p>Ch\u00fang t\u00f4i bu\u1ed9c ph\u1ea3i l\u00e0m v\u1eady \u0111\u1ec3 tu\u00e2n th\u1ee7 c\u00e1c quy \u0111\u1ecbnh c\u1ee7a ph\u00e1p lu\u1eadt;<\/p>\n<p>Ch\u00fang t\u00f4i tin r\u1eb1ng vi\u1ec7c ti\u1ebft l\u1ed9 th\u00f4ng tin c\u00e1 nh\u00e2n c\u1ee7a b\u1ea1n l\u00e0 c\u1ea7n thi\u1ebft \u0111\u1ec3 ng\u0103n ch\u1eb7n thi\u1ec7t h\u1ea1i v\u1ec1 v\u1eadt ch\u1ea5t ho\u1eb7c t\u00e0i ch\u00ednh, \u0111\u1ec3 b\u00e1o c\u00e1o nh\u1eefng h\u00e0nh vi nghi ng\u1edd l\u00e0 ph\u1ea1m ph\u00e1p ho\u1eb7c \u0111\u1ec3 \u0111i\u1ec1u tra nh\u1eefng vi ph\u1ea1m ch\u00ednh s\u00e1ch \u201cTh\u1ecfa thu\u1eadn ng\u01b0\u1eddi d\u00f9ng\u201d<\/p>\n<p>B\u1ea5t k\u1ef3 b\u00ean th\u1ee9 ba n\u00e0o kh\u00e1c n\u1ebfu \u0111\u01b0\u1ee3c s\u1ef1 \u0111\u1ed3ng \u00fd c\u1ee7a b\u1ea1n.<\/p>\n<h4>7. \u0110\u1eb6T COOKIE<\/h4>\n<p>Khi b\u1ea1n truy c\u1eadp T\u00caNWEBSITE, ch\u00fang t\u00f4i ho\u1eb7c b\u00ean th\u1ee9 ba \u0111\u01b0\u1ee3c thu\u00ea \u0111\u1ec3 gi\u00e1m s\u00e1t ho\u1eb7c th\u1ed1ng k\u00ea ho\u1ea1t \u0111\u1ed9ng c\u1ee7a Trang web s\u1ebd \u0111\u1eb7t m\u1ed9t s\u1ed1 t\u1eadp tin (file) d\u1eef li\u1ec7u nh\u1ecf g\u1ecdi l\u00e0 Cookie l\u00ean b\u1ed9 nh\u1edb m\u00e1y t\u00ednh c\u1ee7a b\u1ea1n.<\/p>\n<p>M\u1ed9t trong s\u1ed1 nh\u1eefng Cookie n\u00e0y c\u00f3 th\u1ec3 t\u1ed3n t\u1ea1i l\u00e2u \u0111\u1ec3 thu\u1eadn ti\u1ec7n cho b\u1ea1n trong qu\u00e1 tr\u00ecnh s\u1eed d\u1ee5ng, v\u00ed d\u1ee5: l\u01b0u \u0111\u1ecba ch\u1ec9 th\u01b0 tr\u1ef1c tuy\u1ebfn (Email) c\u1ee7a b\u1ea1n trong trang \u0111\u0103ng nh\u1eadp \u0111\u1ec3 b\u1ea1n kh\u00f4ng ph\u1ea3i nh\u1eadp l\u1ea1i, \u2026<\/p>\n<p>Ch\u00fang t\u00f4i s\u1ebd m\u00e3 h\u00f3a c\u00e1c t\u1eadp tin Cookies \u0111\u1ec3 \u0111\u1ea3m b\u1ea3o t\u00ednh b\u1ea3o m\u1eadt, b\u1ea1n c\u00f3 th\u1ec3 kh\u00f4ng cho ph\u00e9p d\u00f9ng Cookies tr\u00ean tr\u00ecnh duy\u1ec7t c\u1ee7a m\u00ecnh nh\u01b0ng \u0111i\u1ec1u n\u00e0y c\u00f3 th\u1ec3 \u1ea3nh h\u01b0\u1edfng \u0111\u1ebfn qu\u00e1 tr\u00ecnh s\u1eed d\u1ee5ng d\u1ecbch v\u1ee5 c\u1ee7a b\u1ea1n tr\u00ean trang DOMAINWEBSITE.<\/p>\n<h4>8. L\u01afU TR\u1eee V\u00c0 B\u1ea2O V\u1ec6 TH\u00d4NG TIN<\/h4>\n<p>Ch\u00fang t\u00f4i l\u01b0u tr\u1eef v\u00e0 x\u1eed l\u00fd th\u00f4ng tin c\u00e1 nh\u00e2n c\u1ee7a b\u1ea1n t\u1ea1i m\u00e1y ch\u1ee7 \u0111\u1eb7t t\u1ea1i c\u00e1c trung t\u00e2m d\u1eef li\u1ec7u tr\u00ean l\u00e3nh th\u1ed5 Vi\u1ec7t Nam.<\/p>\n<p>V\u1edbi s\u1ef1 hi\u1ec3u bi\u1ebft r\u1eb1ng an ninh ho\u00e0n h\u1ea3o kh\u00f4ng t\u1ed3n t\u1ea1i tr\u00ean m\u00f4i tr\u01b0\u1eddng m\u1ea1ng (internet), ch\u00fang t\u00f4i s\u1eed d\u1ee5ng c\u00f4ng ngh\u1ec7 ti\u00eau chu\u1ea9n \u0111\u1ec3 b\u1ea3o v\u1ec7 th\u00f4ng tin ng\u01b0\u1eddi d\u00f9ng c\u1ee7a ch\u00fang t\u00f4i, bao g\u1ed3m t\u01b0\u1eddng l\u1eeda, c\u00e1c l\u1edbp kh\u00f3a b\u1ea3o m\u1eadt, m\u00e3 h\u00f3a d\u1eef li\u1ec7u. Ch\u00fang t\u00f4i c\u0169ng c\u00f3 c\u00e1c bi\u1ec7n ph\u00e1p an ninh th\u00edch h\u1ee3p t\u1ea1i ch\u1ed7 trong c\u01a1 s\u1edf v\u1eadt ch\u1ea5t c\u1ee7a ch\u00fang t\u00f4i \u0111\u1ec3 b\u1ea3o v\u1ec7 s\u1ef1 ri\u00eang t\u01b0 v\u1ec1 th\u00f4ng tin c\u00e1 nh\u00e2n c\u1ee7a b\u1ea1n. V\u00ec v\u1eady, khi ch\u00fang t\u00f4i s\u1eed d\u1ee5ng c\u00e1c bi\u1ec7n ph\u00e1p an ninh h\u1ee3p l\u00fd, ch\u00fang t\u00f4i kh\u00f4ng ch\u1ecbu tr\u00e1ch nhi\u1ec7m v\u1ec1 b\u1ea5t k\u1ef3 s\u1ef1 m\u1ea5t m\u00e1t ho\u1eb7c ti\u1ebft l\u1ed9 th\u00f4ng tin c\u1ee7a b\u1ea1n. Ngo\u00e0i ra, ch\u00fang t\u00f4i kh\u00f4ng ch\u1ecbu tr\u00e1ch nhi\u1ec7m v\u1ec1 c\u00f4ng b\u1ed1 th\u00f4ng tin c\u1ee7a b\u1ea1n b\u1edfi c\u00e1c \u0111\u1ed1i t\u00e1c c\u1ee7a ch\u00fang t\u00f4i ho\u1eb7c c\u1ee7a c\u00e1c c\u00f4ng ty kh\u00e1c m\u00e0 h\u1ecd kh\u00f4ng thu\u1ed9c quy\u1ec1n ki\u1ec3m so\u00e1t c\u1ee7a ch\u00fang t\u00f4i.<\/p>\n<h4>9. THAY \u0110\u1ed4I TH\u00d4NG TIN<\/h4>\n<p>Ch\u00fang t\u00f4i cho ph\u00e9p ng\u01b0\u1eddi d\u00f9ng thay \u0111\u1ed5i, \u0111i\u1ec1u ch\u1ec9nh th\u00f4ng tin trong t\u00e0i kho\u1ea3n ng\u01b0\u1eddi d\u00f9ng. B\u1ea1n c\u00f3 th\u1ec3 thay \u0111\u1ed5i th\u00f4ng tin c\u00e1 nh\u00e2n c\u1ee7a m\u00ecnh b\u1ea5t k\u1ef3 l\u00fac n\u00e0o b\u1eb1ng c\u00e1ch s\u1eed d\u1ee5ng ch\u1ee9c n\u0103ng t\u01b0\u01a1ng \u1ee9ng.<\/p>\n<p>Ch\u00fang t\u00f4i c\u00f3 quy\u1ec1n gi\u1eef l\u1ea1i c\u00e1c th\u00f4ng tin sau khi b\u1ea1n \u0111\u00e3 v\u00f4 hi\u1ec7u ho\u00e1 t\u00e0i kho\u1ea3n c\u1ee7a b\u1ea1n ho\u1eb7c th\u00f4ng tin m\u00e0 b\u1ea1n \u0111\u00e3 y\u00eau c\u1ea7u \u0111\u01b0\u1ee3c l\u1ea5y \u0111i \u0111\u1ec3 th\u1ef1c hi\u1ec7n theo lu\u1eadt ph\u00e1p, gi\u1ea3i quy\u1ebft tranh ch\u1ea5p v\u00e0 th\u1ef1c thi quy\u1ec1n c\u1ee7a ch\u00fang t\u00f4i.<\/p>\n<h4>10. S\u1eecA \u0110\u1ed4I CH\u00cdNH S\u00c1CH B\u1ea2O M\u1eacT<\/h4>\n<p>Ch\u00fang t\u00f4i c\u00f3 quy\u1ec1n s\u1eeda \u0111\u1ed5i ch\u00ednh s\u00e1ch b\u1ea3o m\u1eadt n\u00e0y theo th\u1eddi gian m\u00e0 kh\u00f4ng c\u1ea7n th\u00f4ng b\u00e1o cho b\u1ea1n. N\u1ebfu t\u1ea1i b\u1ea5t k\u1ef3 th\u1eddi gian ch\u00fang t\u00f4i quy\u1ebft \u0111\u1ecbnh thay \u0111\u1ed5i \u0111\u00e1ng k\u1ec3 c\u00e1ch th\u1ee9c m\u00e0 ch\u00fang t\u00f4i thu th\u1eadp ho\u1eb7c s\u1eed d\u1ee5ng th\u00f4ng tin c\u00e1 nh\u00e2n, ch\u00fang t\u00f4i s\u1ebd th\u00f4ng b\u00e1o cho c\u00e1c th\u00e0nh vi\u00ean c\u1ee7a ch\u00fang t\u00f4i b\u1eb1ng c\u00e1ch \u0111\u0103ng th\u00f4ng b\u00e1o n\u1ed5i b\u1eadt tr\u00ean trang ch\u1ee7 c\u1ee7a ch\u00fang t\u00f4i. Tuy nhi\u00ean, th\u00f4ng tin c\u00e1 nh\u00e2n c\u1ee7a b\u1ea1n s\u1ebd lu\u00f4n lu\u00f4n \u0111\u01b0\u1ee3c s\u1eed d\u1ee5ng theo ch\u00ednh s\u00e1ch b\u1ea3o m\u1eadt c\u00f3 hi\u1ec7u l\u1ef1c t\u1ea1i th\u1eddi \u0111i\u1ec3m th\u00f4ng tin \u0111\u01b0\u1ee3c thu th\u1eadp.<\/p>\n<p>N\u1ebfu b\u1ea1n c\u00f3 b\u1ea5t k\u1ef3 \u00fd ki\u1ebfn mu\u1ed1n chia s\u1ebb v\u1edbi ch\u00fang t\u00f4i v\u1ec1 ch\u00ednh s\u00e1ch b\u1ea3o m\u1eadt c\u1ee7a ch\u00fang t\u00f4i.[\/vc_column_text][\/vc_column][\/vc_row]<\/p>\n<\/section>","protected":false},"excerpt":{"rendered":"<p>[vc_row][vc_column][vc_column_text] 1. CH\u00cdNH S\u00c1CH B\u1ea2O M\u1eacT Khi kh\u00e1ch h\u00e0ng s\u1eed d\u1ee5ng d\u1ecbch v\u1ee5 t\u1ea1i website T\u00caNWEBSITE, ch\u00fang t\u00f4i s\u1ebd \u0111\u1ea3m b\u1ea3o quy\u1ec1n ri\u00eang t\u01b0 c\u1ee7a ng\u01b0\u1eddi d\u00f9ng theo nh\u1eefng \u0111i\u1ec1u kho\u1ea3n d\u01b0\u1edbi \u0111\u00e2y. 2. S\u1eec D\u1ee4NG TH\u00d4NG TIN T\u00caNWEBSITE ch\u1ec9 d\u00f9ng th\u00f4ng tin c\u1ee7a ng\u01b0\u1eddi d\u00f9ng \u0111\u1ec3 ph\u1ee5c v\u1ee5 cho ch\u00ednh Ng\u01b0\u1eddi d\u00f9ng khi b\u1ea1n&hellip;<\/p>\n","protected":false},"author":1,"featured_media":0,"parent":0,"menu_order":0,"comment_status":"closed","ping_status":"closed","template":"","meta":{"footnotes":""},"class_list":["post-316","page","type-page","status-publish","hentry","description-off"],"_links":{"self":[{"href":"https:\/\/webmau.maytech.vn\/demo28\/wp-json\/wp\/v2\/pages\/316","targetHints":{"allow":["GET"]}}],"collection":[{"href":"https:\/\/webmau.maytech.vn\/demo28\/wp-json\/wp\/v2\/pages"}],"about":[{"href":"https:\/\/webmau.maytech.vn\/demo28\/wp-json\/wp\/v2\/types\/page"}],"author":[{"embeddable":true,"href":"https:\/\/webmau.maytech.vn\/demo28\/wp-json\/wp\/v2\/users\/1"}],"replies":[{"embeddable":true,"href":"https:\/\/webmau.maytech.vn\/demo28\/wp-json\/wp\/v2\/comments?post=316"}],"version-history":[{"count":1,"href":"https:\/\/webmau.maytech.vn\/demo28\/wp-json\/wp\/v2\/pages\/316\/revisions"}],"predecessor-version":[{"id":2752,"href":"https:\/\/webmau.maytech.vn\/demo28\/wp-json\/wp\/v2\/pages\/316\/revisions\/2752"}],"wp:attachment":[{"href":"https:\/\/webmau.maytech.vn\/demo28\/wp-json\/wp\/v2\/media?parent=316"}],"curies":[{"name":"wp","href":"https:\/\/api.w.org\/{rel}","templated":true}]}}